{"id":1383,"date":"2022-08-29T15:50:06","date_gmt":"2022-08-29T15:50:06","guid":{"rendered":"https:\/\/cdf.mapreprod.fr\/mentions-legales\/"},"modified":"2022-08-31T10:34:07","modified_gmt":"2022-08-31T10:34:07","slug":"mentions-legales","status":"publish","type":"page","link":"https:\/\/cafedeflore.fr\/en\/mentions-legales\/","title":{"rendered":"Mentions l\u00e9gales"},"content":{"rendered":"<div class=\"sep\" style=\"text-align: center;\"><\/div>\n<p style=\"text-align: center;\"><strong>La soci\u00e9t\u00e9 CAFE DE FLORE SAS<\/strong><\/p>\n<div class=\"sep\" style=\"text-align: center;\"><\/div>\n<p style=\"text-align: center;\">La soci\u00e9t\u00e9 CAFE DE FLORE est une SAS au capital de 770 000 \u20ac, enregistr\u00e9e au registre du commerce de Paris sous le num\u00e9ro 302 507 108.<br \/>\nAdresse de la soci\u00e9t\u00e9 :<br \/>\nCAFE DE FLORE SAS,<br \/>\n174 bd Saint Germain<br \/>\n75006<br \/>\nParis<br \/>\n<a href=\"http:\/\/www.cafedeflore.fr\" target=\"_blank\" rel=\"noopener\">www.cafedeflore.fr<\/a><\/p>\n<div class=\"sep\" style=\"text-align: center;\"><\/div>\n<p style=\"text-align: center;\">CAFE DE FLORE est une marque d\u00e9pos\u00e9e par CAFE DE FLORE aupr\u00e8s de l\u2019INPI.<br \/>\nLe site www.cafedeflore.fr du CAFE DE FLORE constitue une \u0153uvre prot\u00e9g\u00e9e en France par le Code de la Propri\u00e9t\u00e9 Intellectuelle, et \u00e0 l&#8217;\u00e9tranger par les conventions internationales sur le droit d&#8217;auteur. La violation de l&#8217;un des droits d&#8217;auteur est un d\u00e9lit de contrefa\u00e7on passible, aux termes de l&#8217;article L.335-2 du Code de la Propri\u00e9t\u00e9 Intellectuelle, de 2 ans d&#8217;emprisonnement et de 150 000 \u20ac d&#8217;amende.<\/p>\n<div class=\"sep\" style=\"text-align: center;\"><\/div>\n<p style=\"text-align: center;\"><strong>Protection des donn\u00e9es personnelles et politique de confidentialit\u00e9<\/strong><br \/>\nConform\u00e9ment \u00e0 l\u2019article 34 de la loi \u00ab informatique et libert\u00e9s \u00bb du 6 Janvier 1978, les visiteurs ou clients du site www.cafedeflore.fr disposent \u00e0 tout moment d\u2019un droit d\u2019acc\u00e8s, de modification, de rectification et de suppression des donn\u00e9es qui les concernent.<\/p>\n<p style=\"text-align: center;\">Le traitement des informations nominatives et\/ou personnelles par CAFE DE FLORE sur le site www.cafedeflore.fr a fait l\u2019objet d\u2019une d\u00e9claration \u00e0 la CNIL sous le num\u00e9ro 1100631.<br \/>\nCAFE DE FLORE met tout en \u0153uvre pour prot\u00e9ger les donn\u00e9es personnelles contre toute forme de perte, dommage ou alt\u00e9ration, destruction, d\u00e9tournement, divulgation non autoris\u00e9e. Cependant, les visiteurs du site www.cafedeflore.fr sont inform\u00e9s des risques li\u00e9s aux technologies mises en \u0153uvres sur le r\u00e9seau Internet.<\/p>\n<p style=\"text-align: center;\">Les employ\u00e9s du CAFE DE FLORE qui du fait de leur fonction auraient acc\u00e8s \u00e0 ces donn\u00e9es personnelles et confidentielles s\u2019engagent \u00e0 respecter la plus grande confidentialit\u00e9.<\/p>\n<p style=\"text-align: center;\">Par ailleurs, CAFE DE FLORE met en \u0153uvre des technologies type SSL pour tous les processus de paiement qui se font directement sur le site d\u2019une banque de renom. CAFE DE FLORE ne dispose donc \u00e0 aucun moment des donn\u00e9es bancaires du client et est amen\u00e9 \u00e0 refuser toute transmission de ces donn\u00e9es par courrier \u00e9lectronique, ou t\u00e9l\u00e9phone et met \u00e0 la disposition de ses Clients les moyens n\u00e9cessaires pour permettre le paiement dans les meilleures conditions de s\u00e9curit\u00e9 possibles.<\/p>\n<div class=\"sep\" style=\"text-align: center;\"><\/div>\n<p style=\"text-align: center;\"><strong>Lien avec des sites tiers<\/strong><br \/>\nLes sites tiers reli\u00e9s directement ou indirectement au site www.cafedeflore.fr ne sont pas sous la responsabilit\u00e9 de CAFE DE FLORE.<br \/>\nCAFE DE FLORE n\u2019est donc en rien responsable des informations ou commentaires publi\u00e9s sur ces sites hors de son contr\u00f4le. Ces informations ou commentaires sont donc de la seule responsabilit\u00e9 de ces sites, et ne peuvent faire l\u2019objet de contr\u00f4les. Cependant, si l\u2019utilisateur du site www.cafedeflore.fr constate que des informations erron\u00e9es figurent sur de tels sites, CAFE DE FLORE invite ses utilisateurs \u00e0 le lui signaler \u00e0 partir du formulaire de contact.<\/p>\n<div class=\"sep\" style=\"text-align: center;\"><\/div>\n<p style=\"text-align: center;\"><strong>Le site et les donn\u00e9es<\/strong><br \/>\nCAFE DE FLORE prend en compte les informations techniques de ses partenaires fournisseurs pour la description des Produits commercialis\u00e9s sur www.cafedeflore.fr. Nous vous remercions de nous informer au travers de notre service client par E-mail de toute erreur manifeste. N\u00e9anmoins, CAFE DE FLORE ne pourrait \u00eatre responsable d\u2019erreurs induites par des descriptifs de produits fournis par nos partenaires et erron\u00e9s.<\/p>\n<div class=\"sep\" style=\"text-align: center;\"><\/div>\n<p style=\"text-align: center;\"><strong>Cr\u00e9ation du site<\/strong><\/p>\n<p style=\"text-align: center;\">Agence Com and See<\/p>\n<p style=\"text-align: center;\"><a title=\"agence Com and See\" href=\"http:\/\/www.com-and-see.fr\" target=\"_blank\" rel=\"noopener\">www.com-and-see.fr<\/a><\/p>\n<p>&nbsp;<\/p>\n","protected":false},"excerpt":{"rendered":"<p>La soci\u00e9t\u00e9 CAFE DE FLORE SAS La soci\u00e9t\u00e9 CAFE DE FLORE est une SAS au capital de 770 000 \u20ac, enregistr\u00e9e au registre du commerce de Paris sous le num\u00e9ro 302 507 108. Adresse de la soci\u00e9t\u00e9 : CAFE DE FLORE SAS, 174 bd Saint Germain 75006 Paris www.cafedeflore.fr CAFE DE FLORE est une marque [&hellip;]<\/p>\n","protected":false},"author":1,"featured_media":0,"parent":0,"menu_order":0,"comment_status":"closed","ping_status":"closed","template":"template\/mentions.php","meta":{"_acf_changed":false,"inline_featured_image":false,"footnotes":""},"class_list":["post-1383","page","type-page","status-publish","hentry"],"acf":{"pdf_home":null},"yoast_head":"<!-- This site is optimized with the Yoast SEO plugin v27.4 - https:\/\/yoast.com\/product\/yoast-seo-wordpress\/ -->\n<title>Mentions l\u00e9gales - Caf\u00e9 de Flore<\/title>\n<meta name=\"robots\" content=\"index, follow, max-snippet:-1, max-image-preview:large, max-video-preview:-1\" \/>\n<link rel=\"canonical\" href=\"https:\/\/cafedeflore.fr\/en\/mentions-legales\/\" \/>\n<meta property=\"og:locale\" content=\"en_US\" \/>\n<meta property=\"og:type\" content=\"article\" \/>\n<meta property=\"og:title\" content=\"Mentions l\u00e9gales - Caf\u00e9 de Flore\" \/>\n<meta property=\"og:description\" content=\"La soci\u00e9t\u00e9 CAFE DE FLORE SAS La soci\u00e9t\u00e9 CAFE DE FLORE est une SAS au capital de 770 000 \u20ac, enregistr\u00e9e au registre du commerce de Paris sous le num\u00e9ro 302 507 108. Adresse de la soci\u00e9t\u00e9 : CAFE DE FLORE SAS, 174 bd Saint Germain 75006 Paris www.cafedeflore.fr CAFE DE FLORE est une marque [&hellip;]\" \/>\n<meta property=\"og:url\" content=\"https:\/\/cafedeflore.fr\/en\/mentions-legales\/\" \/>\n<meta property=\"og:site_name\" content=\"Caf\u00e9 de Flore\" \/>\n<meta property=\"article:modified_time\" content=\"2022-08-31T10:34:07+00:00\" \/>\n<meta name=\"twitter:card\" content=\"summary_large_image\" \/>\n<meta name=\"twitter:label1\" content=\"Est. reading time\" \/>\n\t<meta name=\"twitter:data1\" content=\"3 minutes\" \/>\n<script type=\"application\/ld+json\" class=\"yoast-schema-graph\">{\"@context\":\"https:\\\/\\\/schema.org\",\"@graph\":[{\"@type\":\"WebPage\",\"@id\":\"https:\\\/\\\/cafedeflore.fr\\\/en\\\/mentions-legales\\\/\",\"url\":\"https:\\\/\\\/cafedeflore.fr\\\/en\\\/mentions-legales\\\/\",\"name\":\"Mentions l\u00e9gales - Caf\u00e9 de Flore\",\"isPartOf\":{\"@id\":\"https:\\\/\\\/cafedeflore.fr\\\/#website\"},\"datePublished\":\"2022-08-29T15:50:06+00:00\",\"dateModified\":\"2022-08-31T10:34:07+00:00\",\"breadcrumb\":{\"@id\":\"https:\\\/\\\/cafedeflore.fr\\\/en\\\/mentions-legales\\\/#breadcrumb\"},\"inLanguage\":\"en-US\",\"potentialAction\":[{\"@type\":\"ReadAction\",\"target\":[\"https:\\\/\\\/cafedeflore.fr\\\/en\\\/mentions-legales\\\/\"]}]},{\"@type\":\"BreadcrumbList\",\"@id\":\"https:\\\/\\\/cafedeflore.fr\\\/en\\\/mentions-legales\\\/#breadcrumb\",\"itemListElement\":[{\"@type\":\"ListItem\",\"position\":1,\"name\":\"Home\",\"item\":\"https:\\\/\\\/cafedeflore.fr\\\/en\\\/\"},{\"@type\":\"ListItem\",\"position\":2,\"name\":\"Mentions l\u00e9gales\"}]},{\"@type\":\"WebSite\",\"@id\":\"https:\\\/\\\/cafedeflore.fr\\\/#website\",\"url\":\"https:\\\/\\\/cafedeflore.fr\\\/\",\"name\":\"Caf\u00e9 de Flore\",\"description\":\"Caf\u00e9 de Flore\",\"potentialAction\":[{\"@type\":\"SearchAction\",\"target\":{\"@type\":\"EntryPoint\",\"urlTemplate\":\"https:\\\/\\\/cafedeflore.fr\\\/?s={search_term_string}\"},\"query-input\":{\"@type\":\"PropertyValueSpecification\",\"valueRequired\":true,\"valueName\":\"search_term_string\"}}],\"inLanguage\":\"en-US\"}]}<\/script>\n<!-- \/ Yoast SEO plugin. -->","yoast_head_json":{"title":"Mentions l\u00e9gales - Caf\u00e9 de Flore","robots":{"index":"index","follow":"follow","max-snippet":"max-snippet:-1","max-image-preview":"max-image-preview:large","max-video-preview":"max-video-preview:-1"},"canonical":"https:\/\/cafedeflore.fr\/en\/mentions-legales\/","og_locale":"en_US","og_type":"article","og_title":"Mentions l\u00e9gales - Caf\u00e9 de Flore","og_description":"La soci\u00e9t\u00e9 CAFE DE FLORE SAS La soci\u00e9t\u00e9 CAFE DE FLORE est une SAS au capital de 770 000 \u20ac, enregistr\u00e9e au registre du commerce de Paris sous le num\u00e9ro 302 507 108. Adresse de la soci\u00e9t\u00e9 : CAFE DE FLORE SAS, 174 bd Saint Germain 75006 Paris www.cafedeflore.fr CAFE DE FLORE est une marque [&hellip;]","og_url":"https:\/\/cafedeflore.fr\/en\/mentions-legales\/","og_site_name":"Caf\u00e9 de Flore","article_modified_time":"2022-08-31T10:34:07+00:00","twitter_card":"summary_large_image","twitter_misc":{"Est. reading time":"3 minutes"},"schema":{"@context":"https:\/\/schema.org","@graph":[{"@type":"WebPage","@id":"https:\/\/cafedeflore.fr\/en\/mentions-legales\/","url":"https:\/\/cafedeflore.fr\/en\/mentions-legales\/","name":"Mentions l\u00e9gales - Caf\u00e9 de Flore","isPartOf":{"@id":"https:\/\/cafedeflore.fr\/#website"},"datePublished":"2022-08-29T15:50:06+00:00","dateModified":"2022-08-31T10:34:07+00:00","breadcrumb":{"@id":"https:\/\/cafedeflore.fr\/en\/mentions-legales\/#breadcrumb"},"inLanguage":"en-US","potentialAction":[{"@type":"ReadAction","target":["https:\/\/cafedeflore.fr\/en\/mentions-legales\/"]}]},{"@type":"BreadcrumbList","@id":"https:\/\/cafedeflore.fr\/en\/mentions-legales\/#breadcrumb","itemListElement":[{"@type":"ListItem","position":1,"name":"Home","item":"https:\/\/cafedeflore.fr\/en\/"},{"@type":"ListItem","position":2,"name":"Mentions l\u00e9gales"}]},{"@type":"WebSite","@id":"https:\/\/cafedeflore.fr\/#website","url":"https:\/\/cafedeflore.fr\/","name":"Caf\u00e9 de Flore","description":"Caf\u00e9 de Flore","potentialAction":[{"@type":"SearchAction","target":{"@type":"EntryPoint","urlTemplate":"https:\/\/cafedeflore.fr\/?s={search_term_string}"},"query-input":{"@type":"PropertyValueSpecification","valueRequired":true,"valueName":"search_term_string"}}],"inLanguage":"en-US"}]}},"_links":{"self":[{"href":"https:\/\/cafedeflore.fr\/en\/wp-json\/wp\/v2\/pages\/1383","targetHints":{"allow":["GET"]}}],"collection":[{"href":"https:\/\/cafedeflore.fr\/en\/wp-json\/wp\/v2\/pages"}],"about":[{"href":"https:\/\/cafedeflore.fr\/en\/wp-json\/wp\/v2\/types\/page"}],"author":[{"embeddable":true,"href":"https:\/\/cafedeflore.fr\/en\/wp-json\/wp\/v2\/users\/1"}],"replies":[{"embeddable":true,"href":"https:\/\/cafedeflore.fr\/en\/wp-json\/wp\/v2\/comments?post=1383"}],"version-history":[{"count":0,"href":"https:\/\/cafedeflore.fr\/en\/wp-json\/wp\/v2\/pages\/1383\/revisions"}],"wp:attachment":[{"href":"https:\/\/cafedeflore.fr\/en\/wp-json\/wp\/v2\/media?parent=1383"}],"curies":[{"name":"wp","href":"https:\/\/api.w.org\/{rel}","templated":true}]}}